{"id":7200,"date":"2025-07-03T10:27:25","date_gmt":"2025-07-03T10:27:25","guid":{"rendered":"https:\/\/portimuscity.com\/otros-proyectos-y-noticias\/"},"modified":"2026-04-01T15:46:46","modified_gmt":"2026-04-01T15:46:46","slug":"otros-proyectos-y-noticias","status":"publish","type":"page","link":"https:\/\/portimuscity.com\/es\/otros-proyectos-y-noticias\/","title":{"rendered":"Otros proyectos y noticias"},"content":{"rendered":"\t\t<div data-elementor-type=\"wp-page\" data-elementor-id=\"7200\" class=\"elementor elementor-7200 elementor-7164\" data-elementor-post-type=\"page\">\n\t\t\t\t<div class=\"elementor-element elementor-element-7458bb63 e-con-full e-flex e-con e-parent\" data-id=\"7458bb63\" data-element_type=\"container\" data-e-type=\"container\">\n\t\t\t\t<div class=\"elementor-element elementor-element-7f93e658 elementor-widget elementor-widget-heading\" data-id=\"7f93e658\" data-element_type=\"widget\" data-e-type=\"widget\" data-widget_type=\"heading.default\">\n\t\t\t\t<div class=\"elementor-widget-container\">\n\t\t\t\t\t<h2 class=\"elementor-heading-title elementor-size-default\">Otros proyectos<\/h2>\t\t\t\t<\/div>\n\t\t\t\t<\/div>\n\t\t\t\t<\/div>\n\t\t<div class=\"elementor-element elementor-element-263050c7 e-con-full e-flex e-con e-parent\" data-id=\"263050c7\" data-element_type=\"container\" data-e-type=\"container\">\n\t\t\t\t<div class=\"elementor-element elementor-element-139d0113 elementor-pagination-position-outside elementor-widget__width-inherit elementor--h-position-center elementor--v-position-middle elementor-arrows-position-inside elementor-widget elementor-widget-slides\" data-id=\"139d0113\" data-element_type=\"widget\" data-e-type=\"widget\" data-settings=\"{&quot;autoplay_speed&quot;:4000,&quot;navigation&quot;:&quot;both&quot;,&quot;autoplay&quot;:&quot;yes&quot;,&quot;pause_on_hover&quot;:&quot;yes&quot;,&quot;pause_on_interaction&quot;:&quot;yes&quot;,&quot;infinite&quot;:&quot;yes&quot;,&quot;transition&quot;:&quot;slide&quot;,&quot;transition_speed&quot;:500}\" data-widget_type=\"slides.default\">\n\t\t\t\t<div class=\"elementor-widget-container\">\n\t\t\t\t\t\t\t\t\t<div class=\"elementor-swiper\">\n\t\t\t\t\t<div class=\"elementor-slides-wrapper elementor-main-swiper swiper\" role=\"region\" aria-roledescription=\"carousel\" aria-label=\"Slides\" dir=\"ltr\" data-animation=\"\">\n\t\t\t\t<div class=\"swiper-wrapper elementor-slides\">\n\t\t\t\t\t\t\t\t\t\t<div class=\"elementor-repeater-item-629e555 swiper-slide\" role=\"group\" aria-roledescription=\"slide\"><div class=\"swiper-slide-bg elementor-ken-burns elementor-ken-burns--in\" role=\"img\" aria-label=\"Imagen-Regato-Nascente.webp\"><\/div><div class=\"swiper-slide-inner\" ><div class=\"swiper-slide-contents\"><div class=\"elementor-slide-heading\">Condominio Residencial \"O Regato\"<\/div><div class=\"elementor-slide-description\"><p>65 Apartamentos | Pedroso - Carvalhos | 2004<\/p>\n<\/div><\/div><\/div><\/div><div class=\"elementor-repeater-item-afc4681 swiper-slide\" role=\"group\" aria-roledescription=\"slide\"><div class=\"swiper-slide-bg elementor-ken-burns elementor-ken-burns--in\" role=\"img\" aria-label=\"Imagen-Terminal-Metro-.jpg\"><\/div><div class=\"swiper-slide-inner\" ><div class=\"swiper-slide-contents\"><div class=\"elementor-slide-heading\">Condominio Residencial \"Terminal Metro<\/div><div class=\"elementor-slide-description\"><p>80 Apartamentos | Santo Ov\u00eddeo - Mafamude - Vila Nova de Gaia | 2006<\/p>\n<\/div><\/div><\/div><\/div><div class=\"elementor-repeater-item-41c18f0 swiper-slide\" role=\"group\" aria-roledescription=\"slide\"><div class=\"swiper-slide-bg elementor-ken-burns elementor-ken-burns--in\" role=\"img\" aria-label=\"Imagen-Trofa-Saude-escala.jpg\"><\/div><div class=\"swiper-slide-inner\" ><div class=\"swiper-slide-contents\"><div class=\"elementor-slide-heading\">Hospital Privado Gaia<\/div><div class=\"elementor-slide-description\"><p>Trofa Sa\u00fade | Tienda Decathlon - 2016<\/p>\n<\/div><\/div><\/div><\/div><div class=\"elementor-repeater-item-4eec9d6 swiper-slide\" role=\"group\" aria-roledescription=\"slide\"><div class=\"swiper-slide-bg elementor-ken-burns elementor-ken-burns--in\" role=\"img\" aria-label=\"HerdadeVilar03\"><\/div><div class=\"swiper-slide-inner\" ><div class=\"swiper-slide-contents\"><div class=\"elementor-slide-heading\">Herdade de Vilar<\/div><div class=\"elementor-slide-description\"><p>222 Apartamentos | Vilar do Para\u00edso - Vila Nova de Gaia | Pr\u00f3xima construcci\u00f3n<\/p>\n<\/div><\/div><\/div><\/div><div class=\"elementor-repeater-item-12e4a35 swiper-slide\" role=\"group\" aria-roledescription=\"slide\"><div class=\"swiper-slide-bg elementor-ken-burns elementor-ken-burns--in\" role=\"img\" aria-label=\"3-Vyda05.jpg\"><\/div><div class=\"swiper-slide-inner\" ><div class=\"swiper-slide-contents\"><div class=\"elementor-slide-heading\">Centro Vyda Ocean III<\/div><div class=\"elementor-slide-description\"><p>30 Apartamentos | Arma\u00e7\u00e3o de P\u00eara | Pr\u00f3xima construcci\u00f3n<\/p>\n<\/div><\/div><\/div><\/div><div class=\"elementor-repeater-item-f9c4922 swiper-slide\" role=\"group\" aria-roledescription=\"slide\"><div class=\"swiper-slide-bg elementor-ken-burns elementor-ken-burns--in\" role=\"img\" aria-label=\"4-Vyda09.jpg\"><\/div><div class=\"swiper-slide-inner\" ><div class=\"swiper-slide-contents\"><div class=\"elementor-slide-heading\">Vyda Ocean Centrum IV<\/div><div class=\"elementor-slide-description\"><p>39 Apartamentos | Arma\u00e7\u00e3o de P\u00eara | Pr\u00f3xima construcci\u00f3n<\/p>\n<\/div><\/div><\/div><\/div>\t\t\t\t<\/div>\n\t\t\t\t\t\t\t\t\t\t\t\t\t\t\t<div class=\"elementor-swiper-button elementor-swiper-button-prev\" role=\"button\" tabindex=\"0\" aria-label=\"Diapositiva anterior\">\n\t\t\t\t\t\t\t<svg aria-hidden=\"true\" class=\"e-font-icon-svg e-eicon-chevron-left\" viewBox=\"0 0 1000 1000\" xmlns=\"http:\/\/www.w3.org\/2000\/svg\"><path d=\"M646 125C629 125 613 133 604 142L308 442C296 454 292 471 292 487 292 504 296 521 308 533L604 854C617 867 629 875 646 875 663 875 679 871 692 858 704 846 713 829 713 812 713 796 708 779 692 767L438 487 692 225C700 217 708 204 708 187 708 171 704 154 692 142 675 129 663 125 646 125Z\"><\/path><\/svg>\t\t\t\t\t\t<\/div>\n\t\t\t\t\t\t<div class=\"elementor-swiper-button elementor-swiper-button-next\" role=\"button\" tabindex=\"0\" aria-label=\"Diapositiva siguiente\">\n\t\t\t\t\t\t\t<svg aria-hidden=\"true\" class=\"e-font-icon-svg e-eicon-chevron-right\" viewBox=\"0 0 1000 1000\" xmlns=\"http:\/\/www.w3.org\/2000\/svg\"><path d=\"M696 533C708 521 713 504 713 487 713 471 708 454 696 446L400 146C388 133 375 125 354 125 338 125 325 129 313 142 300 154 292 171 292 187 292 204 296 221 308 233L563 492 304 771C292 783 288 800 288 817 288 833 296 850 308 863 321 871 338 875 354 875 371 875 388 867 400 854L696 533Z\"><\/path><\/svg>\t\t\t\t\t\t<\/div>\n\t\t\t\t\t\t\t\t\t\t\t\t\t\t\t\t<div class=\"swiper-pagination\"><\/div>\n\t\t\t\t\t\t\t\t\t\t\t\t<\/div>\n\t\t\t\t<\/div>\n\t\t\t\t\t\t\t\t<\/div>\n\t\t\t\t<\/div>\n\t\t\t\t<\/div>\n\t\t<div class=\"elementor-element elementor-element-92e0d8d e-con-full e-flex e-con e-parent\" data-id=\"92e0d8d\" data-element_type=\"container\" data-e-type=\"container\">\n\t\t<div class=\"elementor-element elementor-element-9de4dec e-con-full e-flex e-con e-child\" data-id=\"9de4dec\" data-element_type=\"container\" data-e-type=\"container\">\n\t\t\t\t<div class=\"elementor-element elementor-element-3f2fa68 elementor-widget elementor-widget-text-editor\" data-id=\"3f2fa68\" data-element_type=\"widget\" data-e-type=\"widget\" data-widget_type=\"text-editor.default\">\n\t\t\t\t<div class=\"elementor-widget-container\">\n\t\t\t\t\t\t\t\t\t<h3>Consfly Invest Day &#8211; Portim\u00e3o &#8211; Portugal<\/h3><h5>21-06-2025<\/h5>\t\t\t\t\t\t\t\t<\/div>\n\t\t\t\t<\/div>\n\t\t<div class=\"elementor-element elementor-element-3b1b69d e-con-full e-flex e-con e-child\" data-id=\"3b1b69d\" data-element_type=\"container\" data-e-type=\"container\">\n\t\t\t\t<div class=\"elementor-element elementor-element-b20f33b elementor-widget elementor-widget-gallery\" data-id=\"b20f33b\" data-element_type=\"widget\" data-e-type=\"widget\" data-settings=\"{&quot;lazyload&quot;:&quot;yes&quot;,&quot;gallery_layout&quot;:&quot;grid&quot;,&quot;columns&quot;:4,&quot;columns_tablet&quot;:2,&quot;columns_mobile&quot;:1,&quot;gap&quot;:{&quot;unit&quot;:&quot;px&quot;,&quot;size&quot;:10,&quot;sizes&quot;:[]},&quot;gap_tablet&quot;:{&quot;unit&quot;:&quot;px&quot;,&quot;size&quot;:10,&quot;sizes&quot;:[]},&quot;gap_mobile&quot;:{&quot;unit&quot;:&quot;px&quot;,&quot;size&quot;:10,&quot;sizes&quot;:[]},&quot;link_to&quot;:&quot;file&quot;,&quot;aspect_ratio&quot;:&quot;3:2&quot;,&quot;overlay_background&quot;:&quot;yes&quot;,&quot;content_hover_animation&quot;:&quot;fade-in&quot;}\" data-widget_type=\"gallery.default\">\n\t\t\t\t<div class=\"elementor-widget-container\">\n\t\t\t\t\t\t\t<div class=\"elementor-gallery__container\">\n\t\t\t\t\t\t\t<a class=\"e-gallery-item elementor-gallery-item elementor-animated-content\" href=\"https:\/\/portimuscity.com\/wp-content\/uploads\/2025\/07\/00.jpg\" data-elementor-open-lightbox=\"yes\" data-elementor-lightbox-slideshow=\"b20f33b\" data-elementor-lightbox-title=\"00.jpg\" data-e-action-hash=\"#elementor-action%3Aaction%3Dlightbox%26settings%3DeyJpZCI6NzIwNCwidXJsIjoiaHR0cHM6XC9cL3BvcnRpbXVzY2l0eS5jb21cL3dwLWNvbnRlbnRcL3VwbG9hZHNcLzIwMjVcLzA3XC8wMC5qcGciLCJzbGlkZXNob3ciOiJiMjBmMzNiIn0%3D\">\n\t\t\t\t\t<div class=\"e-gallery-image elementor-gallery-item__image\" data-thumbnail=\"https:\/\/portimuscity.com\/wp-content\/uploads\/2025\/07\/00-213x300.jpg\" data-width=\"213\" data-height=\"300\" aria-label=\"\" role=\"img\" ><\/div>\n\t\t\t\t\t\t\t\t\t\t\t<div class=\"elementor-gallery-item__overlay\"><\/div>\n\t\t\t\t\t\t\t\t\t\t\t\t\t\t<\/a>\n\t\t\t\t\t\t\t<a class=\"e-gallery-item elementor-gallery-item elementor-animated-content\" href=\"https:\/\/portimuscity.com\/wp-content\/uploads\/2025\/07\/01-1.webp\" data-elementor-open-lightbox=\"yes\" data-elementor-lightbox-slideshow=\"b20f33b\" data-elementor-lightbox-title=\"01-1.jpg\" data-e-action-hash=\"#elementor-action%3Aaction%3Dlightbox%26settings%3DeyJpZCI6NzIwNywidXJsIjoiaHR0cHM6XC9cL3BvcnRpbXVzY2l0eS5jb21cL3dwLWNvbnRlbnRcL3VwbG9hZHNcLzIwMjVcLzA3XC8wMS0xLndlYnAiLCJzbGlkZXNob3ciOiJiMjBmMzNiIn0%3D\">\n\t\t\t\t\t<div class=\"e-gallery-image elementor-gallery-item__image\" data-thumbnail=\"https:\/\/portimuscity.com\/wp-content\/uploads\/2025\/07\/01-1-300x200.jpg\" data-width=\"300\" data-height=\"200\" aria-label=\"\" role=\"img\" ><\/div>\n\t\t\t\t\t\t\t\t\t\t\t<div class=\"elementor-gallery-item__overlay\"><\/div>\n\t\t\t\t\t\t\t\t\t\t\t\t\t\t<\/a>\n\t\t\t\t\t\t\t<a class=\"e-gallery-item elementor-gallery-item elementor-animated-content\" href=\"https:\/\/portimuscity.com\/wp-content\/uploads\/2025\/07\/03.webp\" data-elementor-open-lightbox=\"yes\" data-elementor-lightbox-slideshow=\"b20f33b\" data-elementor-lightbox-title=\"03.jpg\" data-e-action-hash=\"#elementor-action%3Aaction%3Dlightbox%26settings%3DeyJpZCI6NzIxMCwidXJsIjoiaHR0cHM6XC9cL3BvcnRpbXVzY2l0eS5jb21cL3dwLWNvbnRlbnRcL3VwbG9hZHNcLzIwMjVcLzA3XC8wMy53ZWJwIiwic2xpZGVzaG93IjoiYjIwZjMzYiJ9\">\n\t\t\t\t\t<div class=\"e-gallery-image elementor-gallery-item__image\" data-thumbnail=\"https:\/\/portimuscity.com\/wp-content\/uploads\/2025\/07\/03-300x200.jpg\" data-width=\"300\" data-height=\"200\" aria-label=\"\" role=\"img\" ><\/div>\n\t\t\t\t\t\t\t\t\t\t\t<div class=\"elementor-gallery-item__overlay\"><\/div>\n\t\t\t\t\t\t\t\t\t\t\t\t\t\t<\/a>\n\t\t\t\t\t\t\t<a class=\"e-gallery-item elementor-gallery-item elementor-animated-content\" href=\"https:\/\/portimuscity.com\/wp-content\/uploads\/2025\/07\/02.webp\" data-elementor-open-lightbox=\"yes\" data-elementor-lightbox-slideshow=\"b20f33b\" data-elementor-lightbox-title=\"02.jpg\" data-e-action-hash=\"#elementor-action%3Aaction%3Dlightbox%26settings%3DeyJpZCI6NzIxMywidXJsIjoiaHR0cHM6XC9cL3BvcnRpbXVzY2l0eS5jb21cL3dwLWNvbnRlbnRcL3VwbG9hZHNcLzIwMjVcLzA3XC8wMi53ZWJwIiwic2xpZGVzaG93IjoiYjIwZjMzYiJ9\">\n\t\t\t\t\t<div class=\"e-gallery-image elementor-gallery-item__image\" data-thumbnail=\"https:\/\/portimuscity.com\/wp-content\/uploads\/2025\/07\/02-200x300.jpg\" data-width=\"200\" data-height=\"300\" aria-label=\"\" role=\"img\" ><\/div>\n\t\t\t\t\t\t\t\t\t\t\t<div class=\"elementor-gallery-item__overlay\"><\/div>\n\t\t\t\t\t\t\t\t\t\t\t\t\t\t<\/a>\n\t\t\t\t\t\t\t<a class=\"e-gallery-item elementor-gallery-item elementor-animated-content\" href=\"https:\/\/portimuscity.com\/wp-content\/uploads\/2025\/07\/06.webp\" data-elementor-open-lightbox=\"yes\" data-elementor-lightbox-slideshow=\"b20f33b\" data-elementor-lightbox-title=\"06.jpg\" data-e-action-hash=\"#elementor-action%3Aaction%3Dlightbox%26settings%3DeyJpZCI6NzIxNiwidXJsIjoiaHR0cHM6XC9cL3BvcnRpbXVzY2l0eS5jb21cL3dwLWNvbnRlbnRcL3VwbG9hZHNcLzIwMjVcLzA3XC8wNi53ZWJwIiwic2xpZGVzaG93IjoiYjIwZjMzYiJ9\">\n\t\t\t\t\t<div class=\"e-gallery-image elementor-gallery-item__image\" data-thumbnail=\"https:\/\/portimuscity.com\/wp-content\/uploads\/2025\/07\/06-300x200.jpg\" data-width=\"300\" data-height=\"200\" aria-label=\"\" role=\"img\" ><\/div>\n\t\t\t\t\t\t\t\t\t\t\t<div class=\"elementor-gallery-item__overlay\"><\/div>\n\t\t\t\t\t\t\t\t\t\t\t\t\t\t<\/a>\n\t\t\t\t\t\t\t<a class=\"e-gallery-item elementor-gallery-item elementor-animated-content\" href=\"https:\/\/portimuscity.com\/wp-content\/uploads\/2025\/07\/07.webp\" data-elementor-open-lightbox=\"yes\" data-elementor-lightbox-slideshow=\"b20f33b\" data-elementor-lightbox-title=\"07.jpg\" data-e-action-hash=\"#elementor-action%3Aaction%3Dlightbox%26settings%3DeyJpZCI6NzIxOSwidXJsIjoiaHR0cHM6XC9cL3BvcnRpbXVzY2l0eS5jb21cL3dwLWNvbnRlbnRcL3VwbG9hZHNcLzIwMjVcLzA3XC8wNy53ZWJwIiwic2xpZGVzaG93IjoiYjIwZjMzYiJ9\">\n\t\t\t\t\t<div class=\"e-gallery-image elementor-gallery-item__image\" data-thumbnail=\"https:\/\/portimuscity.com\/wp-content\/uploads\/2025\/07\/07-200x300.jpg\" data-width=\"200\" data-height=\"300\" aria-label=\"\" role=\"img\" ><\/div>\n\t\t\t\t\t\t\t\t\t\t\t<div class=\"elementor-gallery-item__overlay\"><\/div>\n\t\t\t\t\t\t\t\t\t\t\t\t\t\t<\/a>\n\t\t\t\t\t\t\t<a class=\"e-gallery-item elementor-gallery-item elementor-animated-content\" href=\"https:\/\/portimuscity.com\/wp-content\/uploads\/2025\/07\/04.webp\" data-elementor-open-lightbox=\"yes\" data-elementor-lightbox-slideshow=\"b20f33b\" data-elementor-lightbox-title=\"04.jpg\" data-e-action-hash=\"#elementor-action%3Aaction%3Dlightbox%26settings%3DeyJpZCI6NzIyMiwidXJsIjoiaHR0cHM6XC9cL3BvcnRpbXVzY2l0eS5jb21cL3dwLWNvbnRlbnRcL3VwbG9hZHNcLzIwMjVcLzA3XC8wNC53ZWJwIiwic2xpZGVzaG93IjoiYjIwZjMzYiJ9\">\n\t\t\t\t\t<div class=\"e-gallery-image elementor-gallery-item__image\" data-thumbnail=\"https:\/\/portimuscity.com\/wp-content\/uploads\/2025\/07\/04-200x300.jpg\" data-width=\"200\" data-height=\"300\" aria-label=\"\" role=\"img\" ><\/div>\n\t\t\t\t\t\t\t\t\t\t\t<div class=\"elementor-gallery-item__overlay\"><\/div>\n\t\t\t\t\t\t\t\t\t\t\t\t\t\t<\/a>\n\t\t\t\t\t\t\t<a class=\"e-gallery-item elementor-gallery-item elementor-animated-content\" href=\"https:\/\/portimuscity.com\/wp-content\/uploads\/2025\/07\/05.webp\" data-elementor-open-lightbox=\"yes\" data-elementor-lightbox-slideshow=\"b20f33b\" data-elementor-lightbox-title=\"05.jpg\" data-e-action-hash=\"#elementor-action%3Aaction%3Dlightbox%26settings%3DeyJpZCI6NzIyNSwidXJsIjoiaHR0cHM6XC9cL3BvcnRpbXVzY2l0eS5jb21cL3dwLWNvbnRlbnRcL3VwbG9hZHNcLzIwMjVcLzA3XC8wNS53ZWJwIiwic2xpZGVzaG93IjoiYjIwZjMzYiJ9\">\n\t\t\t\t\t<div class=\"e-gallery-image elementor-gallery-item__image\" data-thumbnail=\"https:\/\/portimuscity.com\/wp-content\/uploads\/2025\/07\/05-200x300.jpg\" data-width=\"200\" data-height=\"300\" aria-label=\"\" role=\"img\" ><\/div>\n\t\t\t\t\t\t\t\t\t\t\t<div class=\"elementor-gallery-item__overlay\"><\/div>\n\t\t\t\t\t\t\t\t\t\t\t\t\t\t<\/a>\n\t\t\t\t\t<\/div>\n\t\t\t\t\t<\/div>\n\t\t\t\t<\/div>\n\t\t\t\t<\/div>\n\t\t\t\t<\/div>\n\t\t\t\t<\/div>\n\t\t<div class=\"elementor-element elementor-element-c548cad e-flex e-con-boxed e-con e-parent\" data-id=\"c548cad\" data-element_type=\"container\" data-e-type=\"container\">\n\t\t\t\t\t<div class=\"e-con-inner\">\n\t\t\t\t<div class=\"elementor-element elementor-element-254f8c4 elementor-widget elementor-widget-text-editor\" data-id=\"254f8c4\" data-element_type=\"widget\" data-e-type=\"widget\" data-widget_type=\"text-editor.default\">\n\t\t\t\t<div class=\"elementor-widget-container\">\n\t\t\t\t\t\t\t\t\t<h5><strong>Centro Vyda Ocean<\/strong><\/h5><h5>Arma\u00e7\u00e3o de P\u00eara &#8211; En noviembre de 2025<\/h5><p>Obras en las calles<\/p>\t\t\t\t\t\t\t\t<\/div>\n\t\t\t\t<\/div>\n\t\t\t\t\t<\/div>\n\t\t\t\t<\/div>\n\t\t<div class=\"elementor-element elementor-element-b01c7e1 e-con-full e-flex e-con e-parent\" data-id=\"b01c7e1\" data-element_type=\"container\" data-e-type=\"container\">\n\t\t<div class=\"elementor-element elementor-element-6f4d39c e-con-full e-flex e-con e-child\" data-id=\"6f4d39c\" data-element_type=\"container\" data-e-type=\"container\">\n\t\t<div class=\"elementor-element elementor-element-59f1970 e-con-full e-flex e-con e-child\" data-id=\"59f1970\" data-element_type=\"container\" data-e-type=\"container\">\n\t\t\t\t<div class=\"elementor-element elementor-element-2d6ae23 elementor-widget elementor-widget-image\" data-id=\"2d6ae23\" data-element_type=\"widget\" data-e-type=\"widget\" data-widget_type=\"image.default\">\n\t\t\t\t<div class=\"elementor-widget-container\">\n\t\t\t\t\t\t\t\t\t\t\t\t\t\t\t<img fetchpriority=\"high\" decoding=\"async\" width=\"2560\" height=\"1920\" src=\"https:\/\/portimuscity.com\/wp-content\/uploads\/2025\/11\/Armacao-scaled.jpg\" class=\"attachment-full size-full wp-image-7503\" alt=\"\" srcset=\"https:\/\/portimuscity.com\/wp-content\/uploads\/2025\/11\/Armacao-scaled.jpg 2560w, https:\/\/portimuscity.com\/wp-content\/uploads\/2025\/11\/Armacao-300x225.jpg 300w, https:\/\/portimuscity.com\/wp-content\/uploads\/2025\/11\/Armacao-1024x768.jpg 1024w, https:\/\/portimuscity.com\/wp-content\/uploads\/2025\/11\/Armacao-768x576.jpg 768w, https:\/\/portimuscity.com\/wp-content\/uploads\/2025\/11\/Armacao-1536x1152.jpg 1536w, https:\/\/portimuscity.com\/wp-content\/uploads\/2025\/11\/Armacao-2048x1536.jpg 2048w\" sizes=\"(max-width: 2560px) 100vw, 2560px\" \/>\t\t\t\t\t\t\t\t\t\t\t\t\t\t\t<\/div>\n\t\t\t\t<\/div>\n\t\t\t\t<\/div>\n\t\t\t\t<\/div>\n\t\t\t\t<\/div>\n\t\t<div class=\"elementor-element elementor-element-4aa0e257 e-con-full e-flex e-con e-parent\" data-id=\"4aa0e257\" data-element_type=\"container\" data-e-type=\"container\">\n\t\t\t\t<div class=\"elementor-element elementor-element-fd0f5a6 elementor-widget elementor-widget-text-editor\" data-id=\"fd0f5a6\" data-element_type=\"widget\" data-e-type=\"widget\" data-widget_type=\"text-editor.default\">\n\t\t\t\t<div class=\"elementor-widget-container\">\n\t\t\t\t\t\t\t\t\t<h3>Urbanizaci\u00f3n Herdade de Vilar &#8211; Vila Nova de Gaia &#8211; Portugal<\/h3><h5>Presencia sobre el terreno<\/h5>\t\t\t\t\t\t\t\t<\/div>\n\t\t\t\t<\/div>\n\t\t\t\t<\/div>\n\t\t<div class=\"elementor-element elementor-element-70a013b e-con-full e-flex e-con e-parent\" data-id=\"70a013b\" data-element_type=\"container\" data-e-type=\"container\">\n\t\t\t\t<div class=\"elementor-element elementor-element-3622267 elementor-widget elementor-widget-gallery\" data-id=\"3622267\" data-element_type=\"widget\" data-e-type=\"widget\" data-settings=\"{&quot;columns&quot;:2,&quot;aspect_ratio&quot;:&quot;1:1&quot;,&quot;lazyload&quot;:&quot;yes&quot;,&quot;gallery_layout&quot;:&quot;grid&quot;,&quot;columns_tablet&quot;:2,&quot;columns_mobile&quot;:1,&quot;gap&quot;:{&quot;unit&quot;:&quot;px&quot;,&quot;size&quot;:10,&quot;sizes&quot;:[]},&quot;gap_tablet&quot;:{&quot;unit&quot;:&quot;px&quot;,&quot;size&quot;:10,&quot;sizes&quot;:[]},&quot;gap_mobile&quot;:{&quot;unit&quot;:&quot;px&quot;,&quot;size&quot;:10,&quot;sizes&quot;:[]},&quot;link_to&quot;:&quot;file&quot;,&quot;overlay_background&quot;:&quot;yes&quot;,&quot;content_hover_animation&quot;:&quot;fade-in&quot;}\" data-widget_type=\"gallery.default\">\n\t\t\t\t<div class=\"elementor-widget-container\">\n\t\t\t\t\t\t\t<div class=\"elementor-gallery__container\">\n\t\t\t\t\t\t\t<a class=\"e-gallery-item elementor-gallery-item elementor-animated-content\" href=\"https:\/\/portimuscity.com\/wp-content\/uploads\/2026\/04\/WhatsApp-Image-2026-04-01-at-15.40.23-1.jpeg\" data-elementor-open-lightbox=\"yes\" data-elementor-lightbox-slideshow=\"3622267\" data-elementor-lightbox-title=\"Imagen de WhatsApp 2026-04-01 a las 15.40.23 (1)\" data-e-action-hash=\"#elementor-action%3Aaction%3Dlightbox%26settings%3DeyJpZCI6Nzg2MiwidXJsIjoiaHR0cHM6XC9cL3BvcnRpbXVzY2l0eS5jb21cL3dwLWNvbnRlbnRcL3VwbG9hZHNcLzIwMjZcLzA0XC9XaGF0c0FwcC1JbWFnZS0yMDI2LTA0LTAxLWF0LTE1LjQwLjIzLTEuanBlZyIsInNsaWRlc2hvdyI6IjM2MjIyNjcifQ%3D%3D\">\n\t\t\t\t\t<div class=\"e-gallery-image elementor-gallery-item__image\" data-thumbnail=\"https:\/\/portimuscity.com\/wp-content\/uploads\/2026\/04\/WhatsApp-Image-2026-04-01-at-15.40.23-1-1024x768.jpeg\" data-width=\"800\" data-height=\"600\" aria-label=\"\" role=\"img\" ><\/div>\n\t\t\t\t\t\t\t\t\t\t\t<div class=\"elementor-gallery-item__overlay\"><\/div>\n\t\t\t\t\t\t\t\t\t\t\t\t\t\t<\/a>\n\t\t\t\t\t\t\t<a class=\"e-gallery-item elementor-gallery-item elementor-animated-content\" href=\"https:\/\/portimuscity.com\/wp-content\/uploads\/2026\/04\/WhatsApp-Image-2026-04-01-at-15.40.23.jpeg\" data-elementor-open-lightbox=\"yes\" data-elementor-lightbox-slideshow=\"3622267\" data-elementor-lightbox-title=\"Imagen de WhatsApp 2026-04-01 a las 15.40.23\" data-e-action-hash=\"#elementor-action%3Aaction%3Dlightbox%26settings%3DeyJpZCI6Nzg2MywidXJsIjoiaHR0cHM6XC9cL3BvcnRpbXVzY2l0eS5jb21cL3dwLWNvbnRlbnRcL3VwbG9hZHNcLzIwMjZcLzA0XC9XaGF0c0FwcC1JbWFnZS0yMDI2LTA0LTAxLWF0LTE1LjQwLjIzLmpwZWciLCJzbGlkZXNob3ciOiIzNjIyMjY3In0%3D\">\n\t\t\t\t\t<div class=\"e-gallery-image elementor-gallery-item__image\" data-thumbnail=\"https:\/\/portimuscity.com\/wp-content\/uploads\/2026\/04\/WhatsApp-Image-2026-04-01-at-15.40.23-1024x768.jpeg\" data-width=\"800\" data-height=\"600\" aria-label=\"\" role=\"img\" ><\/div>\n\t\t\t\t\t\t\t\t\t\t\t<div class=\"elementor-gallery-item__overlay\"><\/div>\n\t\t\t\t\t\t\t\t\t\t\t\t\t\t<\/a>\n\t\t\t\t\t<\/div>\n\t\t\t\t\t<\/div>\n\t\t\t\t<\/div>\n\t\t\t\t<\/div>\n\t\t\t\t<\/div>\n\t\t","protected":false},"excerpt":{"rendered":"<p>Otros proyectos Condominio Residencial \u00abO Regato\u00bb 65 Apartamentos | Pedroso &#8211; Carvalhos | 2004 Condominio Residencial \u00abTerminal Metro 80 Apartamentos | Santo Ov\u00eddeo &#8211; Mafamude &#8211; Vila Nova de Gaia | 2006 Hospital Privado Gaia Trofa Sa\u00fade | Tienda Decathlon &#8211; 2016 Herdade de Vilar 222 Apartamentos | Vilar do Para\u00edso &#8211; Vila Nova de [&hellip;]<\/p>\n","protected":false},"author":3,"featured_media":0,"parent":0,"menu_order":0,"comment_status":"closed","ping_status":"closed","template":"elementor_header_footer","meta":{"footnotes":""},"class_list":["post-7200","page","type-page","status-publish","hentry"],"_links":{"self":[{"href":"https:\/\/portimuscity.com\/es\/wp-json\/wp\/v2\/pages\/7200","targetHints":{"allow":["GET"]}}],"collection":[{"href":"https:\/\/portimuscity.com\/es\/wp-json\/wp\/v2\/pages"}],"about":[{"href":"https:\/\/portimuscity.com\/es\/wp-json\/wp\/v2\/types\/page"}],"author":[{"embeddable":true,"href":"https:\/\/portimuscity.com\/es\/wp-json\/wp\/v2\/users\/3"}],"replies":[{"embeddable":true,"href":"https:\/\/portimuscity.com\/es\/wp-json\/wp\/v2\/comments?post=7200"}],"version-history":[{"count":29,"href":"https:\/\/portimuscity.com\/es\/wp-json\/wp\/v2\/pages\/7200\/revisions"}],"predecessor-version":[{"id":7912,"href":"https:\/\/portimuscity.com\/es\/wp-json\/wp\/v2\/pages\/7200\/revisions\/7912"}],"wp:attachment":[{"href":"https:\/\/portimuscity.com\/es\/wp-json\/wp\/v2\/media?parent=7200"}],"curies":[{"name":"wp","href":"https:\/\/api.w.org\/{rel}","templated":true}]}}