{"id":4332,"date":"2025-02-22T22:16:40","date_gmt":"2025-02-22T22:16:40","guid":{"rendered":"https:\/\/portimuscity.com\/ubicacion\/"},"modified":"2026-03-27T08:14:17","modified_gmt":"2026-03-27T08:14:17","slug":"ubicacion","status":"publish","type":"page","link":"https:\/\/portimuscity.com\/es\/ubicacion\/","title":{"rendered":"Ubicaci\u00f3n"},"content":{"rendered":"\t\t<div data-elementor-type=\"wp-page\" data-elementor-id=\"4332\" class=\"elementor elementor-4332 elementor-4329\" data-elementor-post-type=\"page\">\n\t\t\t\t<div class=\"elementor-element elementor-element-1ae1d65 e-con-full e-flex e-con e-parent\" data-id=\"1ae1d65\" data-element_type=\"container\" data-e-type=\"container\">\n\t\t\t\t<div class=\"elementor-element elementor-element-045057b elementor-widget elementor-widget-video\" data-id=\"045057b\" data-element_type=\"widget\" data-e-type=\"widget\" data-settings=\"{&quot;video_type&quot;:&quot;hosted&quot;,&quot;autoplay&quot;:&quot;yes&quot;,&quot;play_on_mobile&quot;:&quot;yes&quot;,&quot;mute&quot;:&quot;yes&quot;,&quot;loop&quot;:&quot;yes&quot;,&quot;controls&quot;:&quot;yes&quot;}\" data-widget_type=\"video.default\">\n\t\t\t\t<div class=\"elementor-widget-container\">\n\t\t\t\t\t\t\t<div class=\"e-hosted-video elementor-wrapper elementor-open-inline\">\n\t\t\t\t\t<video class=\"elementor-video\" src=\"https:\/\/portimuscity.com\/wp-content\/uploads\/2025\/02\/Portimao-1.mp4\" autoplay=\"\" loop=\"\" controls=\"\" muted=\"muted\" playsinline=\"\" controlsList=\"nodownload\"><\/video>\n\t\t\t\t<\/div>\n\t\t\t\t\t\t<\/div>\n\t\t\t\t<\/div>\n\t\t\t\t<\/div>\n\t\t<div class=\"elementor-element elementor-element-c1d851d e-con-full e-flex e-con e-parent\" data-id=\"c1d851d\" data-element_type=\"container\" data-e-type=\"container\">\n\t\t<div class=\"elementor-element elementor-element-51f69e1 e-flex e-con-boxed e-con e-child\" data-id=\"51f69e1\" data-element_type=\"container\" data-e-type=\"container\">\n\t\t\t\t\t<div class=\"e-con-inner\">\n\t\t\t\t<div class=\"elementor-element elementor-element-e9a9f44 elementor-widget elementor-widget-spacer\" data-id=\"e9a9f44\" data-element_type=\"widget\" data-e-type=\"widget\" data-widget_type=\"spacer.default\">\n\t\t\t\t<div class=\"elementor-widget-container\">\n\t\t\t\t\t\t\t<div class=\"elementor-spacer\">\n\t\t\t<div class=\"elementor-spacer-inner\"><\/div>\n\t\t<\/div>\n\t\t\t\t\t\t<\/div>\n\t\t\t\t<\/div>\n\t\t\t\t\t<\/div>\n\t\t\t\t<\/div>\n\t\t\t\t<\/div>\n\t\t<div class=\"elementor-element elementor-element-f32e7c3 e-con-full e-flex e-con e-parent\" data-id=\"f32e7c3\" data-element_type=\"container\" data-e-type=\"container\">\n\t\t<div class=\"elementor-element elementor-element-4da6880 e-flex e-con-boxed e-con e-child\" data-id=\"4da6880\" data-element_type=\"container\" data-e-type=\"container\">\n\t\t\t\t\t<div class=\"e-con-inner\">\n\t\t\t\t<div class=\"elementor-element elementor-element-622e972 elementor-widget elementor-widget-heading\" data-id=\"622e972\" data-element_type=\"widget\" data-e-type=\"widget\" data-widget_type=\"heading.default\">\n\t\t\t\t<div class=\"elementor-widget-container\">\n\t\t\t\t\t<h4 class=\"elementor-heading-title elementor-size-default\">Ubicaci\u00f3n<\/h4>\t\t\t\t<\/div>\n\t\t\t\t<\/div>\n\t\t\t\t\t<\/div>\n\t\t\t\t<\/div>\n\t\t\t\t<\/div>\n\t\t<div class=\"elementor-element elementor-element-dfb3352 e-con-full e-flex e-con e-parent\" data-id=\"dfb3352\" data-element_type=\"container\" data-e-type=\"container\">\n\t\t<div class=\"elementor-element elementor-element-7b62d83 e-flex e-con-boxed e-con e-child\" data-id=\"7b62d83\" data-element_type=\"container\" data-e-type=\"container\">\n\t\t\t\t\t<div class=\"e-con-inner\">\n\t\t<div class=\"elementor-element elementor-element-f1c6466 e-con-full e-flex e-con e-child\" data-id=\"f1c6466\" data-element_type=\"container\" data-e-type=\"container\">\n\t\t\t\t<div class=\"elementor-element elementor-element-a253fe5 elementor-widget__width-initial elementor-widget elementor-widget-text-editor\" data-id=\"a253fe5\" data-element_type=\"widget\" data-e-type=\"widget\" data-widget_type=\"text-editor.default\">\n\t\t\t\t<div class=\"elementor-widget-container\">\n\t\t\t\t\t\t\t\t\t<p><strong>PORTIMUS CITY CENTRUM 2<\/strong><\/p><p>Rua Nova da Boavista &#8211; Portim\u00e3o<\/p>\t\t\t\t\t\t\t\t<\/div>\n\t\t\t\t<\/div>\n\t\t\t\t<\/div>\n\t\t<div class=\"elementor-element elementor-element-0c5f1cb e-con-full e-flex e-con e-child\" data-id=\"0c5f1cb\" data-element_type=\"container\" data-e-type=\"container\">\n\t\t\t\t<div class=\"elementor-element elementor-element-f36004b elementor-widget elementor-widget-text-editor\" data-id=\"f36004b\" data-element_type=\"widget\" data-e-type=\"widget\" data-widget_type=\"text-editor.default\">\n\t\t\t\t<div class=\"elementor-widget-container\">\n\t\t\t\t\t\t\t\t\t<p><strong>PORTIMUS CITY CENTRUM 3<\/strong><\/p><p>Carretera Alto da Raminha &#8211; Portim\u00e3o<\/p>\t\t\t\t\t\t\t\t<\/div>\n\t\t\t\t<\/div>\n\t\t\t\t<\/div>\n\t\t\t\t\t<\/div>\n\t\t\t\t<\/div>\n\t\t\t\t<\/div>\n\t\t<div class=\"elementor-element elementor-element-bfcd728 e-con-full e-flex e-con e-parent\" data-id=\"bfcd728\" data-element_type=\"container\" data-e-type=\"container\">\n\t\t<div class=\"elementor-element elementor-element-7fd947e e-con-full e-flex e-con e-child\" data-id=\"7fd947e\" data-element_type=\"container\" data-e-type=\"container\">\n\t\t\t\t<div class=\"elementor-element elementor-element-6a67104 elementor-widget elementor-widget-image\" data-id=\"6a67104\" data-element_type=\"widget\" data-e-type=\"widget\" data-widget_type=\"image.default\">\n\t\t\t\t<div class=\"elementor-widget-container\">\n\t\t\t\t\t\t\t\t\t\t\t\t\t\t\t<img fetchpriority=\"high\" decoding=\"async\" width=\"3468\" height=\"2475\" src=\"https:\/\/portimuscity.com\/wp-content\/uploads\/2025\/01\/Local.webp\" class=\"attachment-full size-full wp-image-3882\" alt=\"\" \/>\t\t\t\t\t\t\t\t\t\t\t\t\t\t\t<\/div>\n\t\t\t\t<\/div>\n\t\t\t\t<\/div>\n\t\t\t\t<\/div>\n\t\t\t\t<\/div>\n\t\t","protected":false},"excerpt":{"rendered":"<p>https:\/\/portimuscity.com\/wp-content\/uploads\/2025\/02\/Portimao-1.mp4 Ubicaci\u00f3n PORTIMUS CITY CENTRUM 2 Rua Nova da Boavista &#8211; Portim\u00e3o PORTIMUS CITY CENTRUM 3 Carretera Alto da Raminha &#8211; Portim\u00e3o<\/p>\n","protected":false},"author":1,"featured_media":0,"parent":0,"menu_order":0,"comment_status":"closed","ping_status":"closed","template":"elementor_header_footer","meta":{"footnotes":""},"class_list":["post-4332","page","type-page","status-publish","hentry"],"_links":{"self":[{"href":"https:\/\/portimuscity.com\/es\/wp-json\/wp\/v2\/pages\/4332","targetHints":{"allow":["GET"]}}],"collection":[{"href":"https:\/\/portimuscity.com\/es\/wp-json\/wp\/v2\/pages"}],"about":[{"href":"https:\/\/portimuscity.com\/es\/wp-json\/wp\/v2\/types\/page"}],"author":[{"embeddable":true,"href":"https:\/\/portimuscity.com\/es\/wp-json\/wp\/v2\/users\/1"}],"replies":[{"embeddable":true,"href":"https:\/\/portimuscity.com\/es\/wp-json\/wp\/v2\/comments?post=4332"}],"version-history":[{"count":8,"href":"https:\/\/portimuscity.com\/es\/wp-json\/wp\/v2\/pages\/4332\/revisions"}],"predecessor-version":[{"id":7685,"href":"https:\/\/portimuscity.com\/es\/wp-json\/wp\/v2\/pages\/4332\/revisions\/7685"}],"wp:attachment":[{"href":"https:\/\/portimuscity.com\/es\/wp-json\/wp\/v2\/media?parent=4332"}],"curies":[{"name":"wp","href":"https:\/\/api.w.org\/{rel}","templated":true}]}}